{"id":7100,"date":"2025-08-01T15:50:02","date_gmt":"2025-08-01T13:50:02","guid":{"rendered":"https:\/\/coreare.com\/rejoins-lequipe\/"},"modified":"2026-02-19T12:00:28","modified_gmt":"2026-02-19T11:00:28","slug":"rejoins-lequipe","status":"publish","type":"page","link":"https:\/\/coreare.com\/fr\/rejoins-lequipe\/","title":{"rendered":"Rejoins l&rsquo;\u00e9quipe"},"content":{"rendered":"\t\t<div data-elementor-type=\"wp-page\" data-elementor-id=\"7100\" class=\"elementor elementor-7100 elementor-4450\">\n\t\t\t\t<div class=\"elementor-element elementor-element-2c7c393 e-flex e-con-boxed e-con e-parent\" data-id=\"2c7c393\" data-element_type=\"container\" data-e-type=\"container\">\n\t\t\t\t\t<div class=\"e-con-inner\">\n\t\t\t\t<div class=\"elementor-element elementor-element-403db89 elementor-widget elementor-widget-heading\" data-id=\"403db89\" data-element_type=\"widget\" data-e-type=\"widget\" data-widget_type=\"heading.default\">\n\t\t\t\t<div class=\"elementor-widget-container\">\n\t\t\t\t\t<h2 class=\"elementor-heading-title elementor-size-default\">Tu aimerais faire partie de l'\u00e9quipe de Coreare ?<\/h2>\t\t\t\t<\/div>\n\t\t\t\t<\/div>\n\t\t\t\t<div class=\"elementor-element elementor-element-4f005f4 elementor-widget elementor-widget-text-editor\" data-id=\"4f005f4\" data-element_type=\"widget\" data-e-type=\"widget\" data-widget_type=\"text-editor.default\">\n\t\t\t\t<div class=\"elementor-widget-container\">\n\t\t\t\t\t\t\t\t\t<p data-start=\"146\" data-end=\"353\">Si tu es locuteur natif ou expert(e) de la langue et de la culture cor\u00e9ennes, tu pourrais \u00eatre la personne id\u00e9ale pour rejoindre notre \u00e9quipe. Chez Coreare, nous valorisons la passion, la comp\u00e9tence et l&rsquo;envie de grandir ensemble.<\/p><p data-start=\"355\" data-end=\"517\">Nous sommes un groupe international en pleine expansion, toujours \u00e0 la recherche de nouveaux talents pr\u00eats \u00e0 se lancer et \u00e0 transformer leurs ambitions en r\u00e9alit\u00e9.<\/p><p data-start=\"519\" data-end=\"721\">Nous recherchons des <strong data-start=\"529\" data-end=\"543\">professeurs<\/strong>, des <strong data-start=\"545\" data-end=\"554\">tuteurs<\/strong>, des <strong data-start=\"556\" data-end=\"570\">influenceurs<\/strong>, des <strong data-start=\"572\" data-end=\"584\">marketeurs<\/strong> ou toute personne pouvant contribuer \u00e0 rendre Coreare encore plus fort. Si tu as quelque chose d&rsquo;unique \u00e0 offrir, il y a de la place pour toi ici.<\/p><p data-start=\"519\" data-end=\"721\">Essaie d&rsquo;envoyer ta candidature au format <strong>PDF<\/strong> et si nous pensons que tu as les qualit\u00e9s requises pour rejoindre l&rsquo;\u00e9quipe, nous te recontacterons.<\/p>\t\t\t\t\t\t\t\t<\/div>\n\t\t\t\t<\/div>\n\t\t\t\t<div class=\"elementor-element elementor-element-43a5306 elementor-widget elementor-widget-spacer\" data-id=\"43a5306\" data-element_type=\"widget\" data-e-type=\"widget\" data-widget_type=\"spacer.default\">\n\t\t\t\t<div class=\"elementor-widget-container\">\n\t\t\t\t\t\t\t<div class=\"elementor-spacer\">\n\t\t\t<div class=\"elementor-spacer-inner\"><\/div>\n\t\t<\/div>\n\t\t\t\t\t\t<\/div>\n\t\t\t\t<\/div>\n\t\t\t\t<div class=\"elementor-element elementor-element-b9df46d elementor-widget elementor-widget-html\" data-id=\"b9df46d\" data-element_type=\"widget\" data-e-type=\"widget\" data-widget_type=\"html.default\">\n\t\t\t\t<div class=\"elementor-widget-container\">\n\t\t\t\t\t\n<div class=\"wpcf7 no-js\" id=\"wpcf7-f4449-o1\" lang=\"it-IT\" dir=\"ltr\" data-wpcf7-id=\"4449\">\n<div class=\"screen-reader-response\"><p role=\"status\" aria-live=\"polite\" aria-atomic=\"true\"><\/p> <ul><\/ul><\/div>\n<form action=\"\/fr\/wp-json\/wp\/v2\/pages\/7100#wpcf7-f4449-o1\" method=\"post\" class=\"wpcf7-form init\" aria-label=\"Modulo di contatto\" novalidate=\"novalidate\" data-status=\"init\">\n<fieldset class=\"hidden-fields-container\"><input type=\"hidden\" name=\"_wpcf7\" value=\"4449\" \/><input type=\"hidden\" name=\"_wpcf7_version\" value=\"6.1.5\" \/><input type=\"hidden\" name=\"_wpcf7_locale\" value=\"it_IT\" \/><input type=\"hidden\" name=\"_wpcf7_unit_tag\" value=\"wpcf7-f4449-o1\" \/><input type=\"hidden\" name=\"_wpcf7_container_post\" value=\"0\" \/><input type=\"hidden\" name=\"_wpcf7_posted_data_hash\" value=\"\" \/>\n<\/fieldset>\n<p><label> Il tuo nome<br \/>\n[text* your-name] <\/label>\n<\/p>\n<p><label> Indirizzo Email<br \/>\n[email* your-email] <\/label>\n<\/p>\n<p><label> Cellulare<br \/>\n[text* your-phone] <\/label>\n<\/p>\n<p><label> Indirizzo<br \/>\n[text* your-address] <\/label>\n<\/p>\n<p><label> Citt\u00e0<br \/>\n[text* your-city] <\/label>\n<\/p>\n<p><label> Provincia<br \/>\n[text* your-state] <\/label>\n<\/p>\n<p><label> Posizione di candidatura<br \/>\n[select select-182 first_as_label \"Prof. di Coreano\" \"Tutor\" \"Marketing & Social\"]<br \/>\n<\/label>\n<\/p>\n<p><label> Il tuo messaggio (facoltativo)<br \/>\n[textarea your-message] <\/label>\n<\/p>\n<p><label> Il tuo Curriculum<br \/>\n[file* your-resume filetypes:pdf] <\/label>\n<\/p>\n<p><label> Test antispam<br \/>\n[quiz quiz-82 \"4+3?|7\" \"Capitale dell'Italia?|Roma\" \"7+2?|9\" \"Capitale della Corea del Sud?|Seoul\"]<\/label>\n<\/p>\n<p>[acceptance your-consent] Dichiaro di aver letto <a href=\"https:\/\/coreare.com\/privacy-policy\/\">informativa sulla privacy<\/a> e acconsento al trattamento dei miei dati personali ai sensi del Regolamento UE 2016\/679. [\/acceptance]\n<\/p>\n<p>[submit \"Invia candidatura\"]\n<\/p><div class=\"wpcf7-response-output\" aria-hidden=\"true\"><\/div>\n<\/form>\n<\/div>\n\r\n\t\t\t\t<script>\r\n\t\t\t\tif ( typeof huOptions !== 'undefined' ) {\r\n\t\t\t\t\tvar huFormData = {\"source\":\"contactform7\",\"id\":7305,\"title\":\"Travaille avec nous\",\"fields\":{\"subject\":{\"first_name\":\"your-name\",\"email\":\"your-email\"},\"preferences\":{\"terms\":\"your-consent\"}}};\r\n\t\t\t\t\tvar huFormNode = document.querySelector( '[id^=\"wpcf7-f4449-\"] form' );\r\n\r\n\t\t\t\t\thuFormData['node'] = huFormNode;\r\n\t\t\t\t\thuOptions['forms'].push( huFormData );\r\n\t\t\t\t}\r\n\t\t\t\t<\/script>\t\t\t\t<\/div>\n\t\t\t\t<\/div>\n\t\t\t\t\t<\/div>\n\t\t\t\t<\/div>\n\t\t\t\t<\/div>\n\t\t","protected":false},"excerpt":{"rendered":"<p>Tu aimerais faire partie de l&rsquo;\u00e9quipe de Coreare ? Si tu es locuteur natif ou expert(e) de la<\/p>\n","protected":false},"author":1,"featured_media":0,"parent":0,"menu_order":0,"comment_status":"closed","ping_status":"closed","template":"","meta":[],"class_list":["post-7100","page","type-page","status-publish","hentry"],"aioseo_notices":[],"_links":{"self":[{"href":"https:\/\/coreare.com\/fr\/wp-json\/wp\/v2\/pages\/7100","targetHints":{"allow":["GET"]}}],"collection":[{"href":"https:\/\/coreare.com\/fr\/wp-json\/wp\/v2\/pages"}],"about":[{"href":"https:\/\/coreare.com\/fr\/wp-json\/wp\/v2\/types\/page"}],"author":[{"embeddable":true,"href":"https:\/\/coreare.com\/fr\/wp-json\/wp\/v2\/users\/1"}],"replies":[{"embeddable":true,"href":"https:\/\/coreare.com\/fr\/wp-json\/wp\/v2\/comments?post=7100"}],"version-history":[{"count":1,"href":"https:\/\/coreare.com\/fr\/wp-json\/wp\/v2\/pages\/7100\/revisions"}],"predecessor-version":[{"id":7101,"href":"https:\/\/coreare.com\/fr\/wp-json\/wp\/v2\/pages\/7100\/revisions\/7101"}],"wp:attachment":[{"href":"https:\/\/coreare.com\/fr\/wp-json\/wp\/v2\/media?parent=7100"}],"curies":[{"name":"wp","href":"https:\/\/api.w.org\/{rel}","templated":true}]}}